{"id":1271,"date":"2021-04-16T09:54:10","date_gmt":"2021-04-16T09:54:10","guid":{"rendered":"https:\/\/podcast.casadrojan.com\/index.php\/about\/"},"modified":"2024-12-20T20:11:47","modified_gmt":"2024-12-20T19:11:47","slug":"sobre-nosotros","status":"publish","type":"page","link":"https:\/\/podcast.casadrojan.com\/index.php\/sobre-nosotros\/","title":{"rendered":"Sobre nosotros"},"content":{"rendered":"\n<div class=\"wp-block-uagb-container uagb-block-aad8d1fb alignfull uagb-is-root-container\">\n<div class=\"wp-block-uagb-container uagb-block-47a94628\">\n<div class=\"wp-block-uagb-image uagb-block-01e37c21 wp-block-uagb-image--layout-default wp-block-uagb-image--effect-static wp-block-uagb-image--align-none\"><figure class=\"wp-block-uagb-image__figure\"><img decoding=\"async\" srcset=\"https:\/\/podcast.casadrojan.com\/wp-content\/uploads\/2023\/08\/Casa-Drojan-Podcast-.jpg ,https:\/\/podcast.casadrojan.com\/wp-content\/uploads\/2023\/08\/Casa-Drojan-Podcast-.jpg 780w, https:\/\/podcast.casadrojan.com\/wp-content\/uploads\/2021\/07\/podcaster-template-about-page-header-img.jpg 360w\" sizes=\"auto, (max-width: 480px) 150px\" src=\"https:\/\/podcast.casadrojan.com\/wp-content\/uploads\/2023\/08\/Casa-Drojan-Podcast-.jpg\" alt=\"Casa Drojan Podcast\" class=\"uag-image-1845\" width=\"960\" height=\"480\" title=\"\" loading=\"lazy\" role=\"img\"\/><\/figure><\/div>\n<\/div>\n\n\n\n<div class=\"wp-block-uagb-container uagb-block-a1085a2a\">\n<div class=\"wp-block-uagb-advanced-heading uagb-block-01539ccf\"><h1 class=\"uagb-heading-text\">Sobre nosotros<\/h1><\/div>\n<\/div>\n<\/div>\n\n\n\n<div class=\"wp-block-uagb-container uagb-block-99e56376 alignfull uagb-is-root-container\"><div class=\"uagb-container-inner-blocks-wrap\">\n<div class=\"wp-block-uagb-container uagb-block-39182583\">\n<div class=\"wp-block-uagb-container uagb-block-d5dd7b1b\">\n<div class=\"wp-block-uagb-info-box uagb-block-1710fe13 uagb-infobox__content-wrap  uagb-infobox-icon-above-title uagb-infobox-image-valign-top\"><div class=\"uagb-ifb-content\"><div class=\"uagb-ifb-title-wrap\"><h2 class=\"uagb-ifb-title\">El comienzo de Casa Drojan<\/h2><\/div><div class=\"uagb-ifb-separator\"><\/div><p class=\"uagb-ifb-desc\">No solo trabajamos juntos sino que somos pareja desde hace m\u00e1s de 10 a\u00f1os. En 2019 viv\u00edamos a las afueras de Madrid en un peque\u00f1o piso sin paredes y unos pocos metros cuadrados. Fue ah\u00ed donde Axel comenz\u00f3 a escribir sus primeros relatos. A final de a\u00f1o, decidimos hacer entrevistas a escritores para conocer gente. Nos gust\u00f3 tanto que lo implementamos de forma definitiva. M\u00e1s tarde, un locutor de radio nos dar\u00eda la idea definitiva para narrar historias.<\/p><\/div><\/div>\n<\/div>\n\n\n\n<div class=\"wp-block-uagb-container uagb-block-84955a63\">\n<p>Los Drojan surge como seud\u00f3nimo para nuestros escritos. En nuestro caso, apareci\u00f3 de forma espont\u00e1nea, sin pensar, casi a modo de broma. Solo con nombrarlo se hizo el silencio entre nosotros, nos miramos y en ese momento supimos que era nuestro, que era un gran nombre para nosotros. A partir de entonces, Drojan no es un solo un seud\u00f3nimo sino una forma de entender el mundo. Sentimos que forma parte de nuestra vida y de nuestro matrimonio. <\/p>\n<\/div>\n<\/div>\n<\/div><\/div>\n\n\n\n<div style=\"height:74px\" aria-hidden=\"true\" class=\"wp-block-spacer\"><\/div>\n\n\n\n<div class=\"wp-block-uagb-container uagb-block-f8ca1a5c alignfull uagb-is-root-container\"><div class=\"uagb-container-inner-blocks-wrap\">\n<div class=\"wp-block-uagb-container uagb-block-1c59e6bd\"><\/div>\n<\/div><\/div>\n\n\n\n<div class=\"wp-block-uagb-container uagb-block-c85537df alignfull uagb-is-root-container\"><div class=\"uagb-container-inner-blocks-wrap\">\n<div class=\"wp-block-uagb-advanced-heading uagb-block-5225f6fc\"><h2 class=\"uagb-heading-text\">Con\u00f3cenos un poco m\u00e1s<\/h2><\/div>\n\n\n\n<div class=\"wp-block-uagb-container uagb-block-4ac8fee2\">\n<div class=\"wp-block-uagb-container uagb-block-96ab9618\">\n<div class=\"wp-block-uagb-image uagb-block-3bf7b6e1 wp-block-uagb-image--layout-default wp-block-uagb-image--effect-static wp-block-uagb-image--align-none\"><figure class=\"wp-block-uagb-image__figure\"><img decoding=\"async\" srcset=\"https:\/\/podcast.casadrojan.com\/wp-content\/uploads\/2023\/09\/2a-e1694902026534.jpg , https:\/\/podcast.casadrojan.com\/wp-content\/uploads\/2023\/09\/2a-e1694902026534.jpg 360w\" sizes=\"auto, (max-width: 480px) 150px\" src=\"https:\/\/podcast.casadrojan.com\/wp-content\/uploads\/2023\/09\/2a-e1694902026534.jpg\" alt=\"Axel Drojan\" class=\"uag-image-1939\" width=\"1185\" height=\"1185\" title=\"\" loading=\"lazy\" role=\"img\"\/><\/figure><\/div>\n<\/div>\n\n\n\n<div class=\"wp-block-uagb-container uagb-block-b4149695\">\n<div class=\"wp-block-uagb-advanced-heading uagb-block-46df24e5\"><div class=\"uagb-separator\"><\/div><p class=\"uagb-heading-text\">Empec\u00e9 a leer y a escribir para liberar a mi mente de algunos demonios. La terapia pronto se convirti\u00f3 en mi forma de vida. <br><br>Mi primera novela fue Mortem. Me hizo sentir que pod\u00eda ser lo que yo quisiera. As\u00ed que, segu\u00ed escribiendo relatos y algunas ideas de novela. He publicado con Noelia la antolog\u00eda de relatos Furia y he participado en Cuentos para leer en el v\u00e1ter, una antolog\u00eda de nuestro amigo Franky. Sigo con mi segunda novela, aprendiendo a escribir con devoci\u00f3n. <\/p><\/div>\n<\/div>\n\n\n\n<div class=\"wp-block-uagb-container uagb-block-0122eada\">\n<div class=\"wp-block-uagb-info-box uagb-block-6b1a88f3 uagb-infobox__content-wrap  uagb-infobox-icon-above-title uagb-infobox-image-valign-top\"><div class=\"uagb-ifb-content\"><div class=\"uagb-ifb-title-wrap\"><span class=\"uagb-ifb-title-prefix\">01<\/span><h2 class=\"uagb-ifb-title\">Axel Drojan<\/h2><\/div><\/div><\/div>\n<\/div>\n<\/div>\n\n\n\n<div class=\"wp-block-uagb-container uagb-block-5477a04e\">\n<div class=\"wp-block-uagb-container uagb-block-99d2631d\">\n<div class=\"wp-block-uagb-image uagb-block-42e2ddf8 wp-block-uagb-image--layout-default wp-block-uagb-image--effect-static wp-block-uagb-image--align-none\"><figure class=\"wp-block-uagb-image__figure\"><img decoding=\"async\" srcset=\"https:\/\/podcast.casadrojan.com\/wp-content\/uploads\/2023\/09\/3n-e1694902140561-936x1024.jpg , https:\/\/podcast.casadrojan.com\/wp-content\/uploads\/2023\/09\/3n-e1694902140561-936x1024.jpg 360w\" sizes=\"auto, (max-width: 480px) 150px\" src=\"https:\/\/podcast.casadrojan.com\/wp-content\/uploads\/2023\/09\/3n-e1694902140561-936x1024.jpg\" alt=\"Noelia Drojan\" class=\"uag-image-1942\" width=\"400\" height=\"400\" title=\"\" loading=\"lazy\" role=\"img\"\/><\/figure><\/div>\n<\/div>\n\n\n\n<div class=\"wp-block-uagb-container uagb-block-6f438c0f\">\n<div class=\"wp-block-uagb-advanced-heading uagb-block-49a9ee9c\"><div class=\"uagb-separator\"><\/div><p class=\"uagb-heading-text\">Desde ni\u00f1a he sido una lectora empedernida. El estudio forma parte de mi gen\u00e9tica. Y la escritura es el momento de liberarme. <br><br>He escrito principalmente cuentos y relatos. Mi primera publicaci\u00f3n fue la antolog\u00eda de Furia con Axel. Despu\u00e9s tambi\u00e9n colabor\u00e9 en Cuentos para leer en el v\u00e1ter, y, por supuesto, coguionizo para nuestro podcast, junto con Axel. Actualmente sigo escribiendo mi primera novela, esperando a que est\u00e9 lista para mis lectores. <\/p><\/div>\n<\/div>\n\n\n\n<div class=\"wp-block-uagb-container uagb-block-9e2b8797\">\n<div class=\"wp-block-uagb-info-box uagb-block-fb11ac4d uagb-infobox__content-wrap  uagb-infobox-icon-above-title uagb-infobox-image-valign-top\"><div class=\"uagb-ifb-content\"><div class=\"uagb-ifb-title-wrap\"><span class=\"uagb-ifb-title-prefix\">02<\/span><h2 class=\"uagb-ifb-title\">Noelia Drojan<\/h2><\/div><\/div><\/div>\n<\/div>\n<\/div>\n<\/div><\/div>\n\n\n\n<section class=\"wp-block-uagb-container uagb-block-32f94ac2 alignfull uagb-is-root-container\"><div class=\"uagb-container-inner-blocks-wrap\">\n<div class=\"wp-block-uagb-advanced-heading uagb-block-1b231d87\"><h2 class=\"uagb-heading-text\">Nuestro equipo<\/h2><\/div>\n\n\n\n<p class=\"has-text-align-center\">Ellas se unieron a Casa Drojan en 2022 para fortalecer nuestra imagen, apoyarnos y colaborar sin nada a cambio. Gracias a ellas hoy podemos ofreceros el mejor contenido posible. <\/p>\n\n\n\n<div class=\"wp-block-columns is-layout-flex wp-container-core-columns-is-layout-28f84493 wp-block-columns-is-layout-flex\">\n<div class=\"wp-block-column is-layout-flow wp-block-column-is-layout-flow\" style=\"flex-basis:100%\">\n<div class=\"inherit-container-width wp-block-group is-layout-constrained wp-block-group-is-layout-constrained\">\n<div class=\"inherit-container-width wp-block-group is-layout-constrained wp-block-group-is-layout-constrained\">\n<div class=\"wp-block-uagb-testimonial uagb-slick-carousel uagb-tm__arrow-outside uagb-block-4cdbf790 uagb-post__carousel_equal-height uagb-post__carousel_notset\"><div class=\"is-carousel uagb-tm__columns-2 uagb-tm__items\"><div class=\"uagb-testimonial__wrap  uagb-tm__imgicon-style-circle uagb-tm__image-position-bottom uagb-tm__bg-type-none \"><div class=\"uagb-tm__content\"><div class=\"uagb-tm__overlay\"><\/div><div class=\"uagb-tm__text-wrap\"><div class=\"uagb-tm__desc\">Raquel hace posible que los relatos tengas esos efectos necesarios para que te introduzcas en la historia. Busca las mejores m\u00fasicas y afina los sonidos. Adem\u00e1s, monta im\u00e1genes y edita los v\u00eddeos para YouTube. <\/div><div class=\"uagb-tm__meta-inner\"><div class=\"uagb-tm__image-content\"><div class=\"uagb-tm__image\"><img decoding=\"async\" class=\"uagb-tm-img-src\" src=\"https:\/\/podcast.casadrojan.com\/wp-content\/uploads\/2023\/08\/Raquel-Caballero-Editora-Casa-Drojan.jpeg\" alt=\"Raquel Caballero Editora Casa Drojan\" width=\"105\" height=\"105\" loading=\"lazy\"\/><\/div><\/div><div class=\"uagb-testimonial-details\"><span class=\"uagb-tm__author-name\">Raquel Caballero <\/span><span class=\"uagb-tm__company\">Editora audiovisual<\/span><\/div><\/div><\/div><\/div><\/div><div class=\"uagb-testimonial__wrap  uagb-tm__imgicon-style-circle uagb-tm__image-position-bottom uagb-tm__bg-type-none \"><div class=\"uagb-tm__content\"><div class=\"uagb-tm__overlay\"><\/div><div class=\"uagb-tm__text-wrap\"><div class=\"uagb-tm__desc\">Eva es la persona que dise\u00f1\u00f3 nuestro logo, d\u00e1ndole verdadera forma a Casa Drojan. Tambi\u00e9n dise\u00f1a las portadas de los podcast y las cubiertas de las revistas digitales que sacamos anualmente en Lektu. <\/div><div class=\"uagb-tm__meta-inner\"><div class=\"uagb-tm__image-content\"><div class=\"uagb-tm__image\"><img decoding=\"async\" class=\"uagb-tm-img-src\" src=\"https:\/\/podcast.casadrojan.com\/wp-content\/uploads\/2023\/08\/Eva-Nunez-Ilustradora-Casa-Drojan.jpeg\" alt=\"Eva Nu\u00f1ez Ilustradora Casa Drojan\" width=\"105\" height=\"105\" loading=\"lazy\"\/><\/div><\/div><div class=\"uagb-testimonial-details\"><span class=\"uagb-tm__author-name\">Eva N\u00fa\u00f1ez<\/span><span class=\"uagb-tm__company\">Dise\u00f1adora e ilustradora<\/span><\/div><\/div><\/div><\/div><\/div><\/div><\/div>\n<\/div>\n<\/div>\n<\/div>\n<\/div>\n<\/div><\/section>\n\n\n\n<div style=\"height:75px\" aria-hidden=\"true\" class=\"wp-block-spacer\"><\/div>\n\n\n\n<div class=\"wp-block-uagb-marketing-button uagb-marketing-btn__align-center uagb-marketing-btn__align-text-center uagb-marketing-btn__icon-after uagb-block-14360d38 wp-block-button\"><a href=\"https:\/\/casadrojan.com\" class=\"uagb-marketing-btn__link wp-block-button__link\" target=\"_blank\" rel=\"noopener noreferrer\"><span class=\"uagb-marketing-btn__title\">Visita nuestra web Casa Drojan<\/span><svg xmlns=\"https:\/\/www.w3.org\/2000\/svg\" viewBox=\"0 0 512 512\"><path d=\"M384 320c-17.67 0-32 14.33-32 32v96H64V160h96c17.67 0 32-14.32 32-32s-14.33-32-32-32L64 96c-35.35 0-64 28.65-64 64V448c0 35.34 28.65 64 64 64h288c35.35 0 64-28.66 64-64v-96C416 334.3 401.7 320 384 320zM488 0H352c-12.94 0-24.62 7.797-29.56 19.75c-4.969 11.97-2.219 25.72 6.938 34.88L370.8 96L169.4 297.4c-12.5 12.5-12.5 32.75 0 45.25C175.6 348.9 183.8 352 192 352s16.38-3.125 22.62-9.375L416 141.3l41.38 41.38c9.156 9.141 22.88 11.84 34.88 6.938C504.2 184.6 512 172.9 512 160V24C512 10.74 501.3 0 488 0z\"><\/path><\/svg><p class=\"uagb-marketing-btn__prefix\">\u00a1Sigue aprendiendo sobre literatura!<\/p><\/a><\/div>\n\n\n\n<div style=\"height:75px\" aria-hidden=\"true\" class=\"wp-block-spacer\"><\/div>\n","protected":false},"excerpt":{"rendered":"<p>Sobre nosotros Los Drojan surge como seud\u00f3nimo para nuestros escritos. En nuestro caso, apareci\u00f3 de forma espont\u00e1nea, sin pensar, casi a modo de broma. Solo con nombrarlo se hizo el silencio entre nosotros, nos miramos y en ese momento supimos que era nuestro, que era un gran nombre para nosotros. A partir de entonces, Drojan [&hellip;]<\/p>\n","protected":false},"author":1,"featured_media":0,"parent":0,"menu_order":0,"comment_status":"closed","ping_status":"closed","template":"","meta":{"_uag_custom_page_level_css":"","site-sidebar-layout":"no-sidebar","site-content-layout":"plain-container","ast-site-content-layout":"normal-width-container","site-content-style":"unboxed","site-sidebar-style":"unboxed","ast-global-header-display":"","ast-banner-title-visibility":"","ast-main-header-display":"","ast-hfb-above-header-display":"","ast-hfb-below-header-display":"","ast-hfb-mobile-header-display":"","site-post-title":"disabled","ast-breadcrumbs-content":"disabled","ast-featured-img":"disabled","footer-sml-layout":"","theme-transparent-header-meta":"enabled","adv-header-id-meta":"","stick-header-meta":"","header-above-stick-meta":"","header-main-stick-meta":"","header-below-stick-meta":"","astra-migrate-meta-layouts":"set","ast-page-background-enabled":"default","ast-page-background-meta":{"desktop":{"background-color":"var(--ast-global-color-4)","background-image":"","background-repeat":"repeat","background-position":"center center","background-size":"auto","background-attachment":"scroll","background-type":"","background-media":"","overlay-type":"","overlay-color":"","overlay-opacity":"","overlay-gradient":""},"tablet":{"background-color":"","background-image":"","background-repeat":"repeat","background-position":"center center","background-size":"auto","background-attachment":"scroll","background-type":"","background-media":"","overlay-type":"","overlay-color":"","overlay-opacity":"","overlay-gradient":""},"mobile":{"background-color":"","background-image":"","background-repeat":"repeat","background-position":"center center","background-size":"auto","background-attachment":"scroll","background-type":"","background-media":"","overlay-type":"","overlay-color":"","overlay-opacity":"","overlay-gradient":""}},"ast-content-background-meta":{"desktop":{"background-color":"var(--ast-global-color-5)","background-image":"","background-repeat":"repeat","background-position":"center center","background-size":"auto","background-attachment":"scroll","background-type":"","background-media":"","overlay-type":"","overlay-color":"","overlay-opacity":"","overlay-gradient":""},"tablet":{"background-color":"var(--ast-global-color-5)","background-image":"","background-repeat":"repeat","background-position":"center center","background-size":"auto","background-attachment":"scroll","background-type":"","background-media":"","overlay-type":"","overlay-color":"","overlay-opacity":"","overlay-gradient":""},"mobile":{"background-color":"var(--ast-global-color-5)","background-image":"","background-repeat":"repeat","background-position":"center center","background-size":"auto","background-attachment":"scroll","background-type":"","background-media":"","overlay-type":"","overlay-color":"","overlay-opacity":"","overlay-gradient":""}},"footnotes":""},"class_list":["post-1271","page","type-page","status-publish","hentry"],"uagb_featured_image_src":{"full":false,"thumbnail":false,"medium":false,"medium_large":false,"large":false,"1536x1536":false,"2048x2048":false},"uagb_author_info":{"display_name":"admin","author_link":"https:\/\/podcast.casadrojan.com\/index.php\/author\/admin\/"},"uagb_comment_info":0,"uagb_excerpt":"Sobre nosotros Los Drojan surge como seud\u00f3nimo para nuestros escritos. En nuestro caso, apareci\u00f3 de forma espont\u00e1nea, sin pensar, casi a modo de broma. Solo con nombrarlo se hizo el silencio entre nosotros, nos miramos y en ese momento supimos que era nuestro, que era un gran nombre para nosotros. A partir de entonces, Drojan&hellip;","_links":{"self":[{"href":"https:\/\/podcast.casadrojan.com\/index.php\/wp-json\/wp\/v2\/pages\/1271","targetHints":{"allow":["GET"]}}],"collection":[{"href":"https:\/\/podcast.casadrojan.com\/index.php\/wp-json\/wp\/v2\/pages"}],"about":[{"href":"https:\/\/podcast.casadrojan.com\/index.php\/wp-json\/wp\/v2\/types\/page"}],"author":[{"embeddable":true,"href":"https:\/\/podcast.casadrojan.com\/index.php\/wp-json\/wp\/v2\/users\/1"}],"replies":[{"embeddable":true,"href":"https:\/\/podcast.casadrojan.com\/index.php\/wp-json\/wp\/v2\/comments?post=1271"}],"version-history":[{"count":34,"href":"https:\/\/podcast.casadrojan.com\/index.php\/wp-json\/wp\/v2\/pages\/1271\/revisions"}],"predecessor-version":[{"id":2094,"href":"https:\/\/podcast.casadrojan.com\/index.php\/wp-json\/wp\/v2\/pages\/1271\/revisions\/2094"}],"wp:attachment":[{"href":"https:\/\/podcast.casadrojan.com\/index.php\/wp-json\/wp\/v2\/media?parent=1271"}],"curies":[{"name":"wp","href":"https:\/\/api.w.org\/{rel}","templated":true}]}}